{"id":3048,"date":"2017-03-08T13:44:20","date_gmt":"2017-03-08T13:44:20","guid":{"rendered":"https:\/\/dpms-media.fr\/la-grange-milou\/work\/"},"modified":"2022-12-08T07:26:09","modified_gmt":"2022-12-08T06:26:09","slug":"work","status":"publish","type":"page","link":"https:\/\/grange-milou.beynacrentals.com\/en\/","title":{"rendered":"Home"},"content":{"rendered":"<div id='av_section_1'  class='avia-section av-3tr3s0-b0fb13345ad7e2d018ef748bd01c26eb main_color avia-section-small avia-no-border-styling  avia-builder-el-0  el_before_av_section  avia-builder-el-first  avia-bg-style-scroll container_wrap sidebar_right'  ><div class='container av-section-cont-open' ><main  role=\"main\" itemprop=\"mainContentOfPage\"  class='template-page content  av-content-small alpha units'><div class='post-entry post-entry-type-page post-entry-3048'><div class='entry-content-wrapper clearfix'>\n<div  class='flex_column av-2ks0qo-912c853f0b651ee9824f569784879a2d av_one_full  avia-builder-el-1  avia-builder-el-no-sibling  first flex_column_div  '     ><section  class='av_textblock_section av-ktvkkabe-07ed8c7f4f15d30db27274ff65fac8fd '   itemscope=\"itemscope\" itemtype=\"https:\/\/schema.org\/CreativeWork\" ><div class='avia_textblock'  itemprop=\"text\" ><h1 style=\"text-align: center\"><span style=\"color: #5b5e41\">LA GRANGE MILOU<\/span><\/h1>\n<p style=\"text-align: center\">Charming rooms on the heights of Beynac-et-Cazenac.<\/p>\n<\/div><\/section><\/div><\/div><\/div><\/main><!-- close content main element --><\/div><\/div><div id='av_section_2'  class='avia-section av-4cr1ow-d8603e190126888a03973bde7d293c7f main_color avia-section-no-padding avia-no-border-styling  avia-builder-el-3  el_after_av_section  avia-builder-el-last  avia-bg-style-scroll container_wrap sidebar_right'  ><div class='container av-section-cont-open' ><div class='template-page content  av-content-small alpha units'><div class='post-entry post-entry-type-page post-entry-3048'><div class='entry-content-wrapper clearfix'>\n\n<style type=\"text\/css\" data-created_by=\"avia_inline_auto\" id=\"style-css-av-1upnvk-f4a397615faf99fe252b1c3137251795\">\n#top .flex_column.av-1upnvk-f4a397615faf99fe252b1c3137251795{\nmargin-top:0px;\nmargin-bottom:0px;\n}\n.flex_column.av-1upnvk-f4a397615faf99fe252b1c3137251795{\nborder-radius:0px 0px 0px 0px;\npadding:0px 0px 0px 0px;\n}\n.responsive #top #wrap_all .flex_column.av-1upnvk-f4a397615faf99fe252b1c3137251795{\nmargin-top:0px;\nmargin-bottom:0px;\n}\n<\/style>\n<div  class='flex_column av-1upnvk-f4a397615faf99fe252b1c3137251795 av_one_full  avia-builder-el-4  el_before_av_hr  avia-builder-el-first  first flex_column_div av-zero-column-padding  '     ><div id='av-masonry-1' class='av-masonry av-ktts33y2-2a8fbe90df6a1ed35b023d34c9366092 noHover av-fixed-size av-large-gap av-hover-overlay-active av-masonry-animation-active av-masonry-col-4 av-caption-on-hover av-caption-style-overlay av-masonry-entries ' data-post_id=\"3048\"><div class=\"av-masonry-container isotope av-js-disabled\"><div class='av-masonry-entry isotope-item av-masonry-item-no-image '><\/div><a href=\"https:\/\/dpms-media.fr\/la-grange-milou\/description\/#salon\"  id='av-masonry-1-item-2994' data-av-masonry-item='2994' class='av-masonry-entry isotope-item post-2994 portfolio type-portfolio status-publish has-post-thumbnail hentry tag-landscape-en tag-portrait-en portfolio_entries-presentation-en  av-masonry-item-with-image av-portrait-img av-landscape-img' title=\"Untitled 2 (1)\"   itemscope=\"itemscope\" itemtype=\"https:\/\/schema.org\/CreativeWork\" ><div class='av-inner-masonry-sizer'><\/div><figure class='av-inner-masonry main_color'><div class=\"av-masonry-outerimage-container\"><div class='av-masonry-image-container' style=\"background-image: url(https:\/\/dpms-media.fr\/la-grange-milou\/wp-content\/uploads\/sites\/50\/2017\/03\/Untitled-2-1-1.png);\"  title=\"Untitled 2 (1)\" ><\/div><\/div><\/figure><\/a><!--end av-masonry entry--><a href=\"https:\/\/dpms-media.fr\/la-grange-milou\/description\/#salon\"  id='av-masonry-1-item-2995' data-av-masonry-item='2995' class='av-masonry-entry isotope-item post-2995 portfolio type-portfolio status-publish has-post-thumbnail hentry portfolio_entries-presentation-en  av-masonry-item-with-image av-grid-img' title=\"Chambre-1-650&#215;470\"   itemscope=\"itemscope\" itemtype=\"https:\/\/schema.org\/CreativeWork\" ><div class='av-inner-masonry-sizer'><\/div><figure class='av-inner-masonry main_color'><div class=\"av-masonry-outerimage-container\"><div class='av-masonry-image-container' style=\"background-image: url(https:\/\/dpms-media.fr\/la-grange-milou\/wp-content\/uploads\/sites\/50\/2017\/03\/Chambre-1-650x470-1.jpg);\"  title=\"Chambre-1-650&#215;470\" ><\/div><\/div><\/figure><\/a><!--end av-masonry entry--><a href=\"https:\/\/dpms-media.fr\/la-grange-milou\/description\/#jardin\"  id='av-masonry-1-item-2996' data-av-masonry-item='2996' class='av-masonry-entry isotope-item post-2996 portfolio type-portfolio status-publish has-post-thumbnail hentry tag-portrait-en portfolio_entries-presentation-en  av-masonry-item-with-image av-portrait-img' title=\"_MG_4685\"   itemscope=\"itemscope\" itemtype=\"https:\/\/schema.org\/CreativeWork\" ><div class='av-inner-masonry-sizer'><\/div><figure class='av-inner-masonry main_color'><div class=\"av-masonry-outerimage-container\"><div class='av-masonry-image-container' style=\"background-image: url(https:\/\/dpms-media.fr\/la-grange-milou\/wp-content\/uploads\/sites\/50\/2025\/06\/MG_4685-470x705.jpg);\"  title=\"_MG_4685\" ><\/div><\/div><\/figure><\/a><!--end av-masonry entry--><a href=\"https:\/\/dpms-media.fr\/la-grange-milou\/contact\/\"  id='av-masonry-1-item-2997' data-av-masonry-item='2997' class='av-masonry-entry isotope-item post-2997 portfolio type-portfolio status-publish has-post-thumbnail hentry portfolio_entries-presentation-en  av-masonry-item-with-image av-grid-img' title=\"Untitled 2 (1)\"   itemscope=\"itemscope\" itemtype=\"https:\/\/schema.org\/CreativeWork\" ><div class='av-inner-masonry-sizer'><\/div><figure class='av-inner-masonry main_color'><div class=\"av-masonry-outerimage-container\"><div class='av-masonry-image-container' style=\"background-image: url(https:\/\/dpms-media.fr\/la-grange-milou\/wp-content\/uploads\/sites\/50\/2017\/03\/Untitled-2-1-705x552.png);\"  title=\"Untitled 2 (1)\" ><\/div><\/div><\/figure><\/a><!--end av-masonry entry--><a href=\"https:\/\/dpms-media.fr\/la-grange-milou\/description\/#chambres\"  id='av-masonry-1-item-2998' data-av-masonry-item='2998' class='av-masonry-entry isotope-item post-2998 portfolio type-portfolio status-publish has-post-thumbnail hentry tag-landscape-en portfolio_entries-presentation-en  av-masonry-item-with-image av-landscape-img' title=\"Untitled 4\"   itemscope=\"itemscope\" itemtype=\"https:\/\/schema.org\/CreativeWork\" ><div class='av-inner-masonry-sizer'><\/div><figure class='av-inner-masonry main_color'><div class=\"av-masonry-outerimage-container\"><div class='av-masonry-image-container' style=\"background-image: url(https:\/\/dpms-media.fr\/la-grange-milou\/wp-content\/uploads\/sites\/50\/2017\/03\/Untitled-4-705x295.png);\"  title=\"Untitled 4\" ><\/div><\/div><\/figure><\/a><!--end av-masonry entry--><a href=\"https:\/\/dpms-media.fr\/la-grange-milou\/description\/#jardin\"  id='av-masonry-1-item-2999' data-av-masonry-item='2999' class='av-masonry-entry isotope-item post-2999 portfolio type-portfolio status-publish has-post-thumbnail hentry tag-portrait-en portfolio_entries-presentation-en  av-masonry-item-with-image av-portrait-img' title=\"Chambre-2-800&#215;335\"   itemscope=\"itemscope\" itemtype=\"https:\/\/schema.org\/CreativeWork\" ><div class='av-inner-masonry-sizer'><\/div><figure class='av-inner-masonry main_color'><div class=\"av-masonry-outerimage-container\"><div class='av-masonry-image-container' style=\"background-image: url(https:\/\/dpms-media.fr\/la-grange-milou\/wp-content\/uploads\/sites\/50\/2017\/03\/Chambre-2-800x335-1.jpg);\"  title=\"Chambre-2-800&#215;335\" ><\/div><\/div><\/figure><\/a><!--end av-masonry entry--><a href=\"https:\/\/dpms-media.fr\/la-grange-milou\/description\/#chambres\"  id='av-masonry-1-item-3000' data-av-masonry-item='3000' class='av-masonry-entry isotope-item post-3000 portfolio type-portfolio status-publish has-post-thumbnail hentry portfolio_entries-presentation-en  av-masonry-item-with-image av-grid-img' title=\"Chambre-3-650&#215;470\"   itemscope=\"itemscope\" itemtype=\"https:\/\/schema.org\/CreativeWork\" ><div class='av-inner-masonry-sizer'><\/div><figure class='av-inner-masonry main_color'><div class=\"av-masonry-outerimage-container\"><div class='av-masonry-image-container' style=\"background-image: url(https:\/\/dpms-media.fr\/la-grange-milou\/wp-content\/uploads\/sites\/50\/2022\/04\/Chambre-3-650x470-1.jpg);\"  title=\"Chambre-3-650&#215;470\" ><\/div><\/div><\/figure><\/a><!--end av-masonry entry--><a href=\"https:\/\/dpms-media.fr\/la-grange-milou\/description\/#jardin\"  id='av-masonry-1-item-3001' data-av-masonry-item='3001' class='av-masonry-entry isotope-item post-3001 portfolio type-portfolio status-publish has-post-thumbnail hentry portfolio_entries-presentation-en  av-masonry-item-with-image av-grid-img' title=\"Petit-d\u00e9jeuner-1-650&#215;470\"   itemscope=\"itemscope\" itemtype=\"https:\/\/schema.org\/CreativeWork\" ><div class='av-inner-masonry-sizer'><\/div><figure class='av-inner-masonry main_color'><div class=\"av-masonry-outerimage-container\"><div class='av-masonry-image-container' style=\"background-image: url(https:\/\/dpms-media.fr\/la-grange-milou\/wp-content\/uploads\/sites\/50\/2017\/03\/Petit-dejeuner-1-650x470-1.jpg);\"  title=\"Petit-d\u00e9jeuner-1-650&#215;470\" ><\/div><\/div><\/figure><\/a><!--end av-masonry entry--><a href=\"https:\/\/dpms-media.fr\/la-grange-milou\/description\/#jardin\"  id='av-masonry-1-item-3002' data-av-masonry-item='3002' class='av-masonry-entry isotope-item post-3002 portfolio type-portfolio status-publish has-post-thumbnail hentry portfolio_entries-presentation-en  av-masonry-item-with-image av-grid-img' title=\"Ext\u00e9rieur-1-650&#215;470\"   itemscope=\"itemscope\" itemtype=\"https:\/\/schema.org\/CreativeWork\" ><div class='av-inner-masonry-sizer'><\/div><figure class='av-inner-masonry main_color'><div class=\"av-masonry-outerimage-container\"><div class='av-masonry-image-container' style=\"background-image: url(https:\/\/dpms-media.fr\/la-grange-milou\/wp-content\/uploads\/sites\/50\/2017\/03\/Exterieur-1-650x470-1.jpg);\"  title=\"Ext\u00e9rieur-1-650&#215;470\" ><\/div><\/div><\/figure><\/a><!--end av-masonry entry--><a href=\"https:\/\/dpms-media.fr\/la-grange-milou\/description\/#salon\"  id='av-masonry-1-item-3003' data-av-masonry-item='3003' class='av-masonry-entry isotope-item post-3003 portfolio type-portfolio status-publish has-post-thumbnail hentry portfolio_entries-presentation-en  av-masonry-item-with-image av-grid-img' title=\"Untitled 2\"   itemscope=\"itemscope\" itemtype=\"https:\/\/schema.org\/CreativeWork\" ><div class='av-inner-masonry-sizer'><\/div><figure class='av-inner-masonry main_color'><div class=\"av-masonry-outerimage-container\"><div class='av-masonry-image-container' style=\"background-image: url(https:\/\/dpms-media.fr\/la-grange-milou\/wp-content\/uploads\/sites\/50\/2017\/02\/Untitled-2-705x552.png);\"  title=\"Untitled 2\" ><\/div><\/div><\/figure><\/a><!--end av-masonry entry--><\/div><\/div><\/div>\n<style type=\"text\/css\" data-created_by=\"avia_inline_auto\" id=\"style-css-av-kwb2dg8w-5796a0e655e322230cf7959fd9681362\">\n#top .hr.hr-invisible.av-kwb2dg8w-5796a0e655e322230cf7959fd9681362{\nheight:30px;\n}\n<\/style>\n<div  class='hr av-kwb2dg8w-5796a0e655e322230cf7959fd9681362 hr-invisible  avia-builder-el-6  el_after_av_one_full  avia-builder-el-last '><span class='hr-inner '><span class=\"hr-inner-style\"><\/span><\/span><\/div>\n<\/div><\/div><\/div><!-- close content main div --><\/div><\/div><div id='after_section_2'  class='main_color av_default_container_wrap container_wrap sidebar_right'  ><div class='container av-section-cont-open' ><div class='template-page content  av-content-small alpha units'><div class='post-entry post-entry-type-page post-entry-3048'><div class='entry-content-wrapper clearfix'><\/p>\n","protected":false},"excerpt":{"rendered":"","protected":false},"author":2,"featured_media":3143,"parent":0,"menu_order":0,"comment_status":"closed","ping_status":"closed","template":"","meta":{"footnotes":""},"class_list":["post-3048","page","type-page","status-publish","has-post-thumbnail","hentry"],"yoast_head":"<!-- This site is optimized with the Yoast SEO plugin v27.5 - https:\/\/yoast.com\/product\/yoast-seo-wordpress\/ -->\n<title>Home - G\u00eete La Grange Milou - Le P\u00e9rigord noir<\/title>\n<meta name=\"robots\" content=\"index, follow, max-snippet:-1, max-image-preview:large, max-video-preview:-1\" \/>\n<link rel=\"canonical\" href=\"https:\/\/grange-milou.beynacrentals.com\/en\/\" \/>\n<meta property=\"og:locale\" content=\"en_US\" \/>\n<meta property=\"og:type\" content=\"article\" \/>\n<meta property=\"og:title\" content=\"Home - G\u00eete La Grange Milou - Le P\u00e9rigord noir\" \/>\n<meta property=\"og:url\" content=\"https:\/\/grange-milou.beynacrentals.com\/en\/\" \/>\n<meta property=\"og:site_name\" content=\"G\u00eete La Grange Milou - Le P\u00e9rigord noir\" \/>\n<meta property=\"article:modified_time\" content=\"2022-12-08T06:26:09+00:00\" \/>\n<meta property=\"og:image\" content=\"https:\/\/dpms-media.fr\/la-grange-milou\/wp-content\/uploads\/sites\/50\/2023\/09\/Facade-1.jpg\" \/>\n\t<meta property=\"og:image:width\" content=\"712\" \/>\n\t<meta property=\"og:image:height\" content=\"475\" \/>\n\t<meta property=\"og:image:type\" content=\"image\/jpeg\" \/>\n<meta name=\"twitter:card\" content=\"summary_large_image\" \/>\n<meta name=\"twitter:label1\" content=\"Est. reading time\" \/>\n\t<meta name=\"twitter:data1\" content=\"2 minutes\" \/>\n<script type=\"application\/ld+json\" class=\"yoast-schema-graph\">{\"@context\":\"https:\\\/\\\/schema.org\",\"@graph\":[{\"@type\":\"WebPage\",\"@id\":\"https:\\\/\\\/grange-milou.beynacrentals.com\\\/en\\\/\",\"url\":\"https:\\\/\\\/grange-milou.beynacrentals.com\\\/en\\\/\",\"name\":\"Home - G\u00eete La Grange Milou - Le P\u00e9rigord noir\",\"isPartOf\":{\"@id\":\"https:\\\/\\\/grange-milou.beynacrentals.com\\\/en\\\/#website\"},\"primaryImageOfPage\":{\"@id\":\"https:\\\/\\\/grange-milou.beynacrentals.com\\\/en\\\/#primaryimage\"},\"image\":{\"@id\":\"https:\\\/\\\/grange-milou.beynacrentals.com\\\/en\\\/#primaryimage\"},\"thumbnailUrl\":\"https:\\\/\\\/dpms-media.fr\\\/la-grange-milou\\\/wp-content\\\/uploads\\\/sites\\\/50\\\/2023\\\/09\\\/Facade-1.jpg\",\"datePublished\":\"2017-03-08T13:44:20+00:00\",\"dateModified\":\"2022-12-08T06:26:09+00:00\",\"breadcrumb\":{\"@id\":\"https:\\\/\\\/grange-milou.beynacrentals.com\\\/en\\\/#breadcrumb\"},\"inLanguage\":\"en-US\",\"potentialAction\":[{\"@type\":\"ReadAction\",\"target\":[\"https:\\\/\\\/grange-milou.beynacrentals.com\\\/en\\\/\"]}]},{\"@type\":\"ImageObject\",\"inLanguage\":\"en-US\",\"@id\":\"https:\\\/\\\/grange-milou.beynacrentals.com\\\/en\\\/#primaryimage\",\"url\":\"https:\\\/\\\/dpms-media.fr\\\/la-grange-milou\\\/wp-content\\\/uploads\\\/sites\\\/50\\\/2023\\\/09\\\/Facade-1.jpg\",\"contentUrl\":\"https:\\\/\\\/dpms-media.fr\\\/la-grange-milou\\\/wp-content\\\/uploads\\\/sites\\\/50\\\/2023\\\/09\\\/Facade-1.jpg\",\"width\":712,\"height\":475},{\"@type\":\"BreadcrumbList\",\"@id\":\"https:\\\/\\\/grange-milou.beynacrentals.com\\\/en\\\/#breadcrumb\",\"itemListElement\":[{\"@type\":\"ListItem\",\"position\":1,\"name\":\"Accueil\",\"item\":\"https:\\\/\\\/grange-milou.beynacrentals.com\\\/en\\\/\"},{\"@type\":\"ListItem\",\"position\":2,\"name\":\"Home\"}]},{\"@type\":\"WebSite\",\"@id\":\"https:\\\/\\\/grange-milou.beynacrentals.com\\\/en\\\/#website\",\"url\":\"https:\\\/\\\/grange-milou.beynacrentals.com\\\/en\\\/\",\"name\":\"G\u00eete La Grange Milou - Le P\u00e9rigord noir\",\"description\":\"La Grange Milou - g\u00eete de charme en Aquitaine - Beynac Rentals\",\"potentialAction\":[{\"@type\":\"SearchAction\",\"target\":{\"@type\":\"EntryPoint\",\"urlTemplate\":\"https:\\\/\\\/grange-milou.beynacrentals.com\\\/en\\\/?s={search_term_string}\"},\"query-input\":{\"@type\":\"PropertyValueSpecification\",\"valueRequired\":true,\"valueName\":\"search_term_string\"}}],\"inLanguage\":\"en-US\"}]}<\/script>\n<!-- \/ Yoast SEO plugin. -->","yoast_head_json":{"title":"Home - G\u00eete La Grange Milou - Le P\u00e9rigord noir","robots":{"index":"index","follow":"follow","max-snippet":"max-snippet:-1","max-image-preview":"max-image-preview:large","max-video-preview":"max-video-preview:-1"},"canonical":"https:\/\/grange-milou.beynacrentals.com\/en\/","og_locale":"en_US","og_type":"article","og_title":"Home - G\u00eete La Grange Milou - Le P\u00e9rigord noir","og_url":"https:\/\/grange-milou.beynacrentals.com\/en\/","og_site_name":"G\u00eete La Grange Milou - Le P\u00e9rigord noir","article_modified_time":"2022-12-08T06:26:09+00:00","og_image":[{"width":712,"height":475,"url":"https:\/\/dpms-media.fr\/la-grange-milou\/wp-content\/uploads\/sites\/50\/2023\/09\/Facade-1.jpg","type":"image\/jpeg"}],"twitter_card":"summary_large_image","twitter_misc":{"Est. reading time":"2 minutes"},"schema":{"@context":"https:\/\/schema.org","@graph":[{"@type":"WebPage","@id":"https:\/\/grange-milou.beynacrentals.com\/en\/","url":"https:\/\/grange-milou.beynacrentals.com\/en\/","name":"Home - G\u00eete La Grange Milou - Le P\u00e9rigord noir","isPartOf":{"@id":"https:\/\/grange-milou.beynacrentals.com\/en\/#website"},"primaryImageOfPage":{"@id":"https:\/\/grange-milou.beynacrentals.com\/en\/#primaryimage"},"image":{"@id":"https:\/\/grange-milou.beynacrentals.com\/en\/#primaryimage"},"thumbnailUrl":"https:\/\/dpms-media.fr\/la-grange-milou\/wp-content\/uploads\/sites\/50\/2023\/09\/Facade-1.jpg","datePublished":"2017-03-08T13:44:20+00:00","dateModified":"2022-12-08T06:26:09+00:00","breadcrumb":{"@id":"https:\/\/grange-milou.beynacrentals.com\/en\/#breadcrumb"},"inLanguage":"en-US","potentialAction":[{"@type":"ReadAction","target":["https:\/\/grange-milou.beynacrentals.com\/en\/"]}]},{"@type":"ImageObject","inLanguage":"en-US","@id":"https:\/\/grange-milou.beynacrentals.com\/en\/#primaryimage","url":"https:\/\/dpms-media.fr\/la-grange-milou\/wp-content\/uploads\/sites\/50\/2023\/09\/Facade-1.jpg","contentUrl":"https:\/\/dpms-media.fr\/la-grange-milou\/wp-content\/uploads\/sites\/50\/2023\/09\/Facade-1.jpg","width":712,"height":475},{"@type":"BreadcrumbList","@id":"https:\/\/grange-milou.beynacrentals.com\/en\/#breadcrumb","itemListElement":[{"@type":"ListItem","position":1,"name":"Accueil","item":"https:\/\/grange-milou.beynacrentals.com\/en\/"},{"@type":"ListItem","position":2,"name":"Home"}]},{"@type":"WebSite","@id":"https:\/\/grange-milou.beynacrentals.com\/en\/#website","url":"https:\/\/grange-milou.beynacrentals.com\/en\/","name":"G\u00eete La Grange Milou - Le P\u00e9rigord noir","description":"La Grange Milou - g\u00eete de charme en Aquitaine - Beynac Rentals","potentialAction":[{"@type":"SearchAction","target":{"@type":"EntryPoint","urlTemplate":"https:\/\/grange-milou.beynacrentals.com\/en\/?s={search_term_string}"},"query-input":{"@type":"PropertyValueSpecification","valueRequired":true,"valueName":"search_term_string"}}],"inLanguage":"en-US"}]}},"_links":{"self":[{"href":"https:\/\/grange-milou.beynacrentals.com\/en\/wp-json\/wp\/v2\/pages\/3048","targetHints":{"allow":["GET"]}}],"collection":[{"href":"https:\/\/grange-milou.beynacrentals.com\/en\/wp-json\/wp\/v2\/pages"}],"about":[{"href":"https:\/\/grange-milou.beynacrentals.com\/en\/wp-json\/wp\/v2\/types\/page"}],"author":[{"embeddable":true,"href":"https:\/\/grange-milou.beynacrentals.com\/en\/wp-json\/wp\/v2\/users\/2"}],"replies":[{"embeddable":true,"href":"https:\/\/grange-milou.beynacrentals.com\/en\/wp-json\/wp\/v2\/comments?post=3048"}],"version-history":[{"count":2,"href":"https:\/\/grange-milou.beynacrentals.com\/en\/wp-json\/wp\/v2\/pages\/3048\/revisions"}],"predecessor-version":[{"id":3345,"href":"https:\/\/grange-milou.beynacrentals.com\/en\/wp-json\/wp\/v2\/pages\/3048\/revisions\/3345"}],"wp:featuredmedia":[{"embeddable":true,"href":"https:\/\/grange-milou.beynacrentals.com\/en\/wp-json\/wp\/v2\/media\/3143"}],"wp:attachment":[{"href":"https:\/\/grange-milou.beynacrentals.com\/en\/wp-json\/wp\/v2\/media?parent=3048"}],"curies":[{"name":"wp","href":"https:\/\/api.w.org\/{rel}","templated":true}]}}